{"id":8685,"date":"2025-04-25T04:24:15","date_gmt":"2025-04-25T01:24:15","guid":{"rendered":"https:\/\/huseyinbalikci.com\/kontakt\/"},"modified":"2025-12-22T12:05:53","modified_gmt":"2025-12-22T09:05:53","slug":"kontakt","status":"publish","type":"page","link":"https:\/\/huseyinbalikci.com\/de\/kontakt\/","title":{"rendered":"Kontakt"},"content":{"rendered":"\t\t<div data-elementor-type=\"wp-page\" data-elementor-id=\"8685\" class=\"elementor elementor-8685 elementor-3048\" data-elementor-post-type=\"page\">\n\t\t\t\t<div class=\"elementor-element elementor-element-1d91587 e-flex e-con-boxed elementor-invisible e-con e-parent\" data-id=\"1d91587\" data-element_type=\"container\" data-e-type=\"container\" data-settings=\"{&quot;background_background&quot;:&quot;classic&quot;,&quot;animation&quot;:&quot;expandClip &quot;}\">\n\t\t\t\t\t<div class=\"e-con-inner\">\n\t\t<div class=\"elementor-element elementor-element-59a6445 e-con-full e-flex e-con e-child\" data-id=\"59a6445\" data-element_type=\"container\" data-e-type=\"container\">\n\t\t\t\t<div class=\"elementor-element elementor-element-9c8b5db elementor_icon_hover_none elementor-widget elementor-widget-icon-box\" data-id=\"9c8b5db\" data-element_type=\"widget\" data-e-type=\"widget\" data-widget_type=\"icon-box.default\">\n\t\t\t\t<div class=\"elementor-widget-container\">\n\t\t\t\t\t\t\t<div class=\"elementor-icon-box-wrapper\">\n\n\t\t\t\n\t\t\t\t\t\t<div class=\"elementor-icon-box-content\">\n\n\t\t\t\t\t\t\t\t\t<h1 class=\"elementor-icon-box-title\">\n\t\t\t\t\t\t<span  >\n\t\t\t\t\t\t\tKontakt\t\t\t\t\t\t<\/span>\n\t\t\t\t\t<\/h1>\n\t\t\t\t\n\t\t\t\t\t\t\t\t\t<p class=\"elementor-icon-box-description\">\n\t\t\t\t\t\tWir freuen uns sehr, Sie hier zu sehen! Um Ihnen bestm\u00f6glich zu dienen, nutzen Sie diese Seite bitte als Orientierungshilfe, damit Ihre Anfrage so schnell wie m\u00f6glich bearbeitet wird.\t\t\t\t\t<\/p>\n\t\t\t\t\n\t\t\t<\/div>\n\t\t\t\n\t\t<\/div>\n\t\t\t\t\t\t<\/div>\n\t\t\t\t<\/div>\n\t\t\t\t<div class=\"elementor-element elementor-element-fc70f27 elementor-widget-divider--view-line elementor-widget elementor-widget-divider\" data-id=\"fc70f27\" data-element_type=\"widget\" data-e-type=\"widget\" data-widget_type=\"divider.default\">\n\t\t\t\t<div class=\"elementor-widget-container\">\n\t\t\t\t\t\t\t<div class=\"elementor-divider\">\n\t\t\t<span class=\"elementor-divider-separator\">\n\t\t\t\t\t\t<\/span>\n\t\t<\/div>\n\t\t\t\t\t\t<\/div>\n\t\t\t\t<\/div>\n\t\t\t\t<div class=\"elementor-element elementor-element-fc850b3 elementor-widget elementor-widget-jws-breadcrumbs\" data-id=\"fc850b3\" data-element_type=\"widget\" data-e-type=\"widget\" data-widget_type=\"jws-breadcrumbs.default\">\n\t\t\t\t<div class=\"elementor-widget-container\">\n\t\t\t\t\t\t\t\r\n\t\t\t<ul class=\"jws-breadcrumbs\" itemscope=\"\" itemtype=\"http:\/\/schema.org\/BreadcrumbList\">\r\n\r\n\t\t\t<li class=\"jws-breadcrumbs__item jws-breadcrumbs__item--home\" itemprop=\"itemListElement\" position=\"0\" itemscope=\"\" itemtype=\"http:\/\/schema.org\/ListItem\">\r\n            <span itemprop='position 1'\/> \r\n\t\t\t<a class=\"jws-breadcrumbs__crumb jws-breadcrumbs__crumb--link jws-breadcrumbs__crumb--home\" itemprop=\"item\" rel=\"v:url\" property=\"v:title\" href=\"https:\/\/huseyinbalikci.com\/de\/\" title=\"Startseite\">\r\n            \r\n\t\t\t\t<span itemprop=\"name\" class=\"jws-breadcrumbs__text\">\r\n                  \r\n\t\t\t\t\tStartseite\t\t\t\t<\/span>\r\n                <meta itemprop=\"position\"\/>\r\n\t\t\t<\/a>\r\n\t\t<\/li><li class=\"jws-breadcrumbs__separator\"><span class=\"jws-icon jws-icon-support--svg\"><i aria-hidden=\"true\" class=\"  jws-icon-arrowlongright\"><\/i><\/span><\/li><\/ul>\t\t\t\t<\/div>\n\t\t\t\t<\/div>\n\t\t\t\t<\/div>\n\t\t<div class=\"elementor-element elementor-element-0c50461 e-con-full elementor-hidden-mobile e-flex e-con e-child\" data-id=\"0c50461\" data-element_type=\"container\" data-e-type=\"container\">\n\t\t\t\t<\/div>\n\t\t\t\t\t<\/div>\n\t\t\t\t<\/div>\n\t\t<div class=\"elementor-element elementor-element-cd45fbe jws_sticky_move  e-flex e-con-boxed e-con e-parent\" data-id=\"cd45fbe\" data-element_type=\"container\" data-e-type=\"container\">\n\t\t\t\t\t<div class=\"e-con-inner\">\n\t\t<div class=\"elementor-element elementor-element-2d4133e e-con-full e-flex e-con e-child\" data-id=\"2d4133e\" data-element_type=\"container\" data-e-type=\"container\">\n\t\t<div class=\"elementor-element elementor-element-218c5bf e-con-full jws_sticky_move  e-flex e-con e-child\" data-id=\"218c5bf\" data-element_type=\"container\" data-e-type=\"container\">\n\t\t\t\t<div class=\"elementor-element elementor-element-59f3d0e elementor-invisible elementor-widget elementor-widget-heading\" data-id=\"59f3d0e\" data-element_type=\"widget\" data-e-type=\"widget\" data-settings=\"{&quot;_animation&quot;:&quot;fadeInUp&quot;}\" data-widget_type=\"heading.default\">\n\t\t\t\t<div class=\"elementor-widget-container\">\n\t\t\t\t\t<h3 class=\"elementor-heading-title elementor-size-default\">Kontakt aufnehmen<\/h3>\t\t\t\t<\/div>\n\t\t\t\t<\/div>\n\t\t\t\t<div class=\"elementor-element elementor-element-3dd8bb1 elementor-widget__width-initial elementor-invisible elementor-widget elementor-widget-text-editor\" data-id=\"3dd8bb1\" data-element_type=\"widget\" data-e-type=\"widget\" data-settings=\"{&quot;_animation&quot;:&quot;fadeInUp&quot;,&quot;_animation_delay&quot;:100}\" data-widget_type=\"text-editor.default\">\n\t\t\t\t<div class=\"elementor-widget-container\">\n\t\t\t\t\t\t\t\t\t<p>Bei Fragen oder Anliegen nutzen Sie bitte das untenstehende Formular. Wenn es DRINGEND ist, rufen Sie uns bitte unter <strong>+90 543 471 61 14<\/strong> an und nutzen Sie NICHT das untenstehende Formular.<\/p>\t\t\t\t\t\t\t\t<\/div>\n\t\t\t\t<\/div>\n\t\t\t\t<div class=\"elementor-element elementor-element-1c7ef92 elementor-widget-divider--view-line elementor-widget elementor-widget-divider\" data-id=\"1c7ef92\" data-element_type=\"widget\" data-e-type=\"widget\" data-widget_type=\"divider.default\">\n\t\t\t\t<div class=\"elementor-widget-container\">\n\t\t\t\t\t\t\t<div class=\"elementor-divider\">\n\t\t\t<span class=\"elementor-divider-separator\">\n\t\t\t\t\t\t<\/span>\n\t\t<\/div>\n\t\t\t\t\t\t<\/div>\n\t\t\t\t<\/div>\n\t\t\t\t<div class=\"elementor-element elementor-element-172db4d elementor-view-stacked elementor-position-inline-start elementor-mobile-position-inline-start elementor-shape-circle elementor_icon_hover_none elementor-invisible elementor-widget elementor-widget-icon-box\" data-id=\"172db4d\" data-element_type=\"widget\" data-e-type=\"widget\" data-settings=\"{&quot;_animation&quot;:&quot;fadeInUp&quot;}\" data-widget_type=\"icon-box.default\">\n\t\t\t\t<div class=\"elementor-widget-container\">\n\t\t\t\t\t\t\t<div class=\"elementor-icon-box-wrapper\">\n\n\t\t\t\t\t\t<div class=\"elementor-icon-box-icon\">\n\t\t\t\t<span  class=\"elementor-icon\">\n\t\t\t\t<i aria-hidden=\"true\" class=\"  jws-icon-location\"><\/i>\t\t\t\t<\/span>\n\t\t\t<\/div>\n\t\t\t\n\t\t\t\t\t\t<div class=\"elementor-icon-box-content\">\n\n\t\t\t\t\t\t\t\t\t<div class=\"elementor-icon-box-title\">\n\t\t\t\t\t\t<span  >\n\t\t\t\t\t\t\tKlinik\t\t\t\t\t\t<\/span>\n\t\t\t\t\t<\/div>\n\t\t\t\t\n\t\t\t\t\t\t\t\t\t<p class=\"elementor-icon-box-description\">\n\t\t\t\t\t\tAtat\u00fcrk Bulvar\u0131 No:23\/41 G\u00f6kay Plaza Konyaalt\u0131, Antalya\/T\u00fcrkiye\t\t\t\t\t<\/p>\n\t\t\t\t\n\t\t\t<\/div>\n\t\t\t\n\t\t<\/div>\n\t\t\t\t\t\t<\/div>\n\t\t\t\t<\/div>\n\t\t\t\t<div class=\"elementor-element elementor-element-7330107 elementor-invisible elementor-widget elementor-widget-jws_button_advanced\" data-id=\"7330107\" data-element_type=\"widget\" data-e-type=\"widget\" data-settings=\"{&quot;_animation&quot;:&quot;fadeInUp&quot;}\" data-widget_type=\"jws_button_advanced.default\">\n\t\t\t\t<div class=\"elementor-widget-container\">\n\t\t\t\t\t\r\n\t\t\t<a href=\"https:\/\/maps.app.goo.gl\/SAYM5CdDHVqu2CP8A\" class=\"elementor-button btn btn-naked jws_ btn-icon-shaped btn-has-label\" target=\"_blank\" rel=\"noopener\">\r\n\t\t\t\t\t\t\t\t\t<span data-text=\"Show on map\" class=\"btn-txt\">\r\n\t\t\t\t\t\tShow on map\t\t\t\t\t<\/span>\r\n\t\t\t\t\t\t\t\t\t\t\t<\/a>\r\n\t\t\t\t\t\t\t<\/div>\n\t\t\t\t<\/div>\n\t\t\t\t<div class=\"elementor-element elementor-element-049bad8 elementor-view-stacked elementor-position-inline-start elementor-mobile-position-inline-start elementor-shape-circle elementor_icon_hover_none elementor-invisible elementor-widget elementor-widget-icon-box\" data-id=\"049bad8\" data-element_type=\"widget\" data-e-type=\"widget\" data-settings=\"{&quot;_animation&quot;:&quot;fadeInUp&quot;}\" data-widget_type=\"icon-box.default\">\n\t\t\t\t<div class=\"elementor-widget-container\">\n\t\t\t\t\t\t\t<div class=\"elementor-icon-box-wrapper\">\n\n\t\t\t\t\t\t<div class=\"elementor-icon-box-icon\">\n\t\t\t\t<a href=\"tel:+905424716114\" class=\"elementor-icon\" tabindex=\"-1\" aria-label=\"Kontaktinformationen\">\n\t\t\t\t<i aria-hidden=\"true\" class=\"  jws-icon-envelope\"><\/i>\t\t\t\t<\/a>\n\t\t\t<\/div>\n\t\t\t\n\t\t\t\t\t\t<div class=\"elementor-icon-box-content\">\n\n\t\t\t\t\t\t\t\t\t<div class=\"elementor-icon-box-title\">\n\t\t\t\t\t\t<a href=\"tel:+905424716114\" >\n\t\t\t\t\t\t\tKontaktinformationen\t\t\t\t\t\t<\/a>\n\t\t\t\t\t<\/div>\n\t\t\t\t\n\t\t\t\t\t\t\t\t\t<p class=\"elementor-icon-box-description\">\n\t\t\t\t\t\t+90 542 471 61 14\t\t\t\t\t<\/p>\n\t\t\t\t\n\t\t\t<\/div>\n\t\t\t\n\t\t<\/div>\n\t\t\t\t\t\t<\/div>\n\t\t\t\t<\/div>\n\t\t\t\t<div class=\"elementor-element elementor-element-5597c52 elementor-invisible elementor-widget elementor-widget-jws_button_advanced\" data-id=\"5597c52\" data-element_type=\"widget\" data-e-type=\"widget\" data-settings=\"{&quot;_animation&quot;:&quot;fadeInUp&quot;}\" data-widget_type=\"jws_button_advanced.default\">\n\t\t\t\t<div class=\"elementor-widget-container\">\n\t\t\t\t\t\r\n\t\t\t<a\r\n\t\t\t\thref=\"mailto:info@huseyinbalikci.com%20\"class=\"elementor-button btn btn-naked jws_ btn-icon-shaped btn-has-label\"\t\t\t>\r\n\t\t\t\t\t\t\t\t\t<span data-text=\"info@huseyinbalikci.com \" class=\"btn-txt\">\r\n\t\t\t\t\t\tinfo@huseyinbalikci.com \t\t\t\t\t<\/span>\r\n\t\t\t\t\t\t\t\t\t\t\t<\/a>\r\n\t\t\t\t\t\t\t<\/div>\n\t\t\t\t<\/div>\n\t\t\t\t<div class=\"elementor-element elementor-element-1cd4e99 elementor-view-stacked elementor-position-inline-start elementor-mobile-position-inline-start elementor-shape-circle elementor_icon_hover_none elementor-invisible elementor-widget elementor-widget-icon-box\" data-id=\"1cd4e99\" data-element_type=\"widget\" data-e-type=\"widget\" data-settings=\"{&quot;_animation&quot;:&quot;fadeInUp&quot;}\" data-widget_type=\"icon-box.default\">\n\t\t\t\t<div class=\"elementor-widget-container\">\n\t\t\t\t\t\t\t<div class=\"elementor-icon-box-wrapper\">\n\n\t\t\t\t\t\t<div class=\"elementor-icon-box-icon\">\n\t\t\t\t<span  class=\"elementor-icon\">\n\t\t\t\t<i aria-hidden=\"true\" class=\"  jws-icon-clock\"><\/i>\t\t\t\t<\/span>\n\t\t\t<\/div>\n\t\t\t\n\t\t\t\t\t\t<div class=\"elementor-icon-box-content\">\n\n\t\t\t\t\t\t\t\t\t<div class=\"elementor-icon-box-title\">\n\t\t\t\t\t\t<span  >\n\t\t\t\t\t\t\tArbeitszeiten\t\t\t\t\t\t<\/span>\n\t\t\t\t\t<\/div>\n\t\t\t\t\n\t\t\t\t\t\t\t\t\t<p class=\"elementor-icon-box-description\">\n\t\t\t\t\t\tMo-Sa: 09:00 \u2013 18:00<br>So: 09.00 \u2013 14:00\n\t\t\t\t\t<\/p>\n\t\t\t\t\n\t\t\t<\/div>\n\t\t\t\n\t\t<\/div>\n\t\t\t\t\t\t<\/div>\n\t\t\t\t<\/div>\n\t\t\t\t<\/div>\n\t\t\t\t<\/div>\n\t\t<div class=\"elementor-element elementor-element-4f98bdc e-con-full e-flex e-con e-child\" data-id=\"4f98bdc\" data-element_type=\"container\" data-e-type=\"container\">\n\t\t\t\t<div class=\"elementor-element elementor-element-f5a8edc elementor-button-align-start elementor-widget__width-initial elementor-widget-mobile__width-inherit elementor-widget elementor-widget-form\" data-id=\"f5a8edc\" data-element_type=\"widget\" data-e-type=\"widget\" data-settings=\"{&quot;step_next_label&quot;:&quot;N\\u00e4chste&quot;,&quot;step_previous_label&quot;:&quot;Vorherige&quot;,&quot;button_width&quot;:&quot;100&quot;,&quot;step_type&quot;:&quot;number_text&quot;,&quot;step_icon_shape&quot;:&quot;circle&quot;}\" data-widget_type=\"form.default\">\n\t\t\t\t<div class=\"elementor-widget-container\">\n\t\t\t\t\t\t\t<form class=\"elementor-form\" method=\"post\" name=\"#HB-FORM-EN\" aria-label=\"#HB-FORM-EN\">\n\t\t\t<input type=\"hidden\" name=\"post_id\" value=\"8685\"\/>\n\t\t\t<input type=\"hidden\" name=\"form_id\" value=\"f5a8edc\"\/>\n\t\t\t<input type=\"hidden\" name=\"referer_title\" value=\"Kontakt - Assoc. Prof. Dr. H\u00fcseyin Bal\u0131k\u00e7\u0131\" \/>\n\n\t\t\t\t\t\t\t<input type=\"hidden\" name=\"queried_id\" value=\"8685\"\/>\n\t\t\t\n\t\t\t<div class=\"elementor-form-fields-wrapper elementor-labels-\">\n\t\t\t\t\t\t\t\t<div class=\"elementor-field-type-text elementor-field-group elementor-column elementor-field-group-name elementor-col-100 elementor-field-required\">\n\t\t\t\t\t\t\t\t\t\t\t\t\t<input size=\"1\" type=\"text\" name=\"form_fields[name]\" id=\"form-field-name\" class=\"elementor-field elementor-size-lg  elementor-field-textual\" placeholder=\"Ihr Name*\" required=\"required\">\n\t\t\t\t\t\t\t\t\t\t\t<\/div>\n\t\t\t\t\t\t\t\t<div class=\"elementor-field-type-email elementor-field-group elementor-column elementor-field-group-email elementor-col-100 elementor-field-required\">\n\t\t\t\t\t\t\t\t\t\t\t\t\t<input size=\"1\" type=\"email\" name=\"form_fields[email]\" id=\"form-field-email\" class=\"elementor-field elementor-size-lg  elementor-field-textual\" placeholder=\"E-Mail*\" required=\"required\">\n\t\t\t\t\t\t\t\t\t\t\t<\/div>\n\t\t\t\t\t\t\t\t<div class=\"elementor-field-type-tel elementor-field-group elementor-column elementor-field-group-field_e402909 elementor-col-100\">\n\t\t\t\t\t<span class=\"ccfef-editor-intl-input\" data-id=\"form-field-field_e402909\" data-field-id=\"e402909\" data-default-country=\"gb\" data-include-countries=\"\" data-exclude-countries=\"\" data-dial-code-visibility=\"show\" data-strict-mode=\"no\" style=\"display: none;\"><\/span>\t\t<input size=\"1\" type=\"tel\" name=\"form_fields[field_e402909]\" id=\"form-field-field_e402909\" class=\"elementor-field elementor-size-lg  elementor-field-textual\" pattern=\"[0-9()#&amp;+*-=.]+\" title=\"Only numbers and phone characters (#, -, *, etc) are accepted.\">\n\n\t\t\t\t\t\t<\/div>\n\t\t\t\t\t\t\t\t<div class=\"elementor-field-type-select elementor-field-group elementor-column elementor-field-group-field_6dae15b elementor-col-100 elementor-field-required\">\n\t\t\t\t\t\t\t<div class=\"elementor-field elementor-select-wrapper remove-before \">\n\t\t\t<div class=\"select-caret-down-wrapper\">\n\t\t\t\t<svg aria-hidden=\"true\" class=\"e-font-icon-svg e-eicon-caret-down\" viewBox=\"0 0 571.4 571.4\" xmlns=\"http:\/\/www.w3.org\/2000\/svg\"><path d=\"M571 393Q571 407 561 418L311 668Q300 679 286 679T261 668L11 418Q0 407 0 393T11 368 36 357H536Q550 357 561 368T571 393Z\"><\/path><\/svg>\t\t\t<\/div>\n\t\t\t<select name=\"form_fields[field_6dae15b]\" id=\"form-field-field_6dae15b\" class=\"elementor-field-textual elementor-size-lg\" required=\"required\">\n\t\t\t\t\t\t\t\t\t<option value=\"Verfahren von Interesse*\">Verfahren von Interesse*<\/option>\n\t\t\t\t\t\t\t\t\t<option value=\"Rhinoplastik\">Rhinoplastik<\/option>\n\t\t\t\t\t\t\t\t\t<option value=\"Revisions-Rhinoplastik\">Revisions-Rhinoplastik<\/option>\n\t\t\t\t\t\t\t\t\t<option value=\"Barbie-Nasenkorrektur\">Barbie-Nasenkorrektur<\/option>\n\t\t\t\t\t\t\t\t\t<option value=\"Asiatische Rhinoplastik (Revision und Prim\u00e4r)\">Asiatische Rhinoplastik (Revision und Prim\u00e4r)<\/option>\n\t\t\t\t\t\t\t\t\t<option value=\"Ethnische-Afro-Rhinoplastik (Revision und Prim\u00e4r)\">Ethnische-Afro-Rhinoplastik (Revision und Prim\u00e4r)<\/option>\n\t\t\t\t\t\t\t\t\t<option value=\"Weibliche Rhinoplastik in der T\u00fcrkei\">Weibliche Rhinoplastik in der T\u00fcrkei<\/option>\n\t\t\t\t\t\t\t\t\t<option value=\"M\u00e4nnliche Rhinoplastik\">M\u00e4nnliche Rhinoplastik<\/option>\n\t\t\t\t\t\t\t\t\t<option value=\"Septoplastik\">Septoplastik<\/option>\n\t\t\t\t\t\t\t\t\t<option value=\"Prim\u00e4re Septorhinoplastik\">Prim\u00e4re Septorhinoplastik<\/option>\n\t\t\t\t\t\t\t\t\t<option value=\"Revisions-Septorhinoplastik\">Revisions-Septorhinoplastik<\/option>\n\t\t\t\t\t\t\t\t\t<option value=\"Reparatur der Septumperforation\">Reparatur der Septumperforation<\/option>\n\t\t\t\t\t\t\t\t\t<option value=\"\"><\/option>\n\t\t\t\t\t\t\t<\/select>\n\t\t<\/div>\n\t\t\t\t\t\t<\/div>\n\t\t\t\t\t\t\t\t<div class=\"elementor-field-type-checkbox elementor-field-group elementor-column elementor-field-group-field_af6e7c8 elementor-col-100\">\n\t\t\t\t\t<div class=\"elementor-field-subgroup  \"><span class=\"elementor-field-option\"><input type=\"checkbox\" value=\"Ich habe Ihre Nutzungsbedingungen und Datenschutzbestimmungen gelesen und stimme ihnen zu.\" id=\"form-field-field_af6e7c8-0\" name=\"form_fields[field_af6e7c8][]\"> <label for=\"form-field-field_af6e7c8-0\">Ich habe Ihre Nutzungsbedingungen und Datenschutzbestimmungen gelesen und stimme ihnen zu.<\/label><\/span><span class=\"elementor-field-option\"><input type=\"checkbox\" value=\"OK, SMS f\u00fcr Terminerinnerungen und Werbeaktionen zu erhalten\" id=\"form-field-field_af6e7c8-1\" name=\"form_fields[field_af6e7c8][]\"> <label for=\"form-field-field_af6e7c8-1\">OK, SMS f\u00fcr Terminerinnerungen und Werbeaktionen zu erhalten<\/label><\/span><\/div>\t\t\t\t<\/div>\n\t\t\t\t\t\t\t\t<div class=\"elementor-field-group elementor-column elementor-field-type-submit elementor-col-100 e-form__buttons\">\n\t\t\t\t\t<button class=\"elementor-button elementor-size-md\" type=\"submit\">\n\t\t\t\t\t\t<span class=\"elementor-button-content-wrapper\">\n\t\t\t\t\t\t\t\t\t\t\t\t\t\t\t\t\t\t\t\t\t\t<span class=\"elementor-button-text\">Senden<\/span>\n\t\t\t\t\t\t\t\t\t\t\t\t\t<\/span>\n\t\t\t\t\t<\/button>\n\t\t\t\t<\/div>\n\t\t\t<\/div>\n\t\t<\/form>\n\t\t\t\t\t\t<\/div>\n\t\t\t\t<\/div>\n\t\t\t\t<\/div>\n\t\t\t\t\t<\/div>\n\t\t\t\t<\/div>\n\t\t\t\t<\/div>\n\t\t","protected":false},"excerpt":{"rendered":"<p>Kontakt Wir freuen uns sehr, Sie hier zu sehen! Um Ihnen bestm\u00f6glich zu dienen, nutzen Sie diese Seite bitte als Orientierungshilfe, damit Ihre Anfrage so schnell wie m\u00f6glich bearbeitet wird. Startseite Kontakt aufnehmen Bei Fragen oder Anliegen nutzen Sie bitte das untenstehende Formular. Wenn es DRINGEND ist, rufen Sie uns bitte unter +90 543 471 [&hellip;]<\/p>\n","protected":false},"author":1,"featured_media":0,"parent":0,"menu_order":0,"comment_status":"closed","ping_status":"closed","template":"","meta":{"footnotes":""},"class_list":["post-8685","page","type-page","status-publish","hentry"],"_hostinger_reach_plugin_has_subscription_block":false,"_hostinger_reach_plugin_is_elementor":false,"_links":{"self":[{"href":"https:\/\/huseyinbalikci.com\/de\/wp-json\/wp\/v2\/pages\/8685","targetHints":{"allow":["GET"]}}],"collection":[{"href":"https:\/\/huseyinbalikci.com\/de\/wp-json\/wp\/v2\/pages"}],"about":[{"href":"https:\/\/huseyinbalikci.com\/de\/wp-json\/wp\/v2\/types\/page"}],"author":[{"embeddable":true,"href":"https:\/\/huseyinbalikci.com\/de\/wp-json\/wp\/v2\/users\/1"}],"replies":[{"embeddable":true,"href":"https:\/\/huseyinbalikci.com\/de\/wp-json\/wp\/v2\/comments?post=8685"}],"version-history":[{"count":4,"href":"https:\/\/huseyinbalikci.com\/de\/wp-json\/wp\/v2\/pages\/8685\/revisions"}],"predecessor-version":[{"id":9079,"href":"https:\/\/huseyinbalikci.com\/de\/wp-json\/wp\/v2\/pages\/8685\/revisions\/9079"}],"wp:attachment":[{"href":"https:\/\/huseyinbalikci.com\/de\/wp-json\/wp\/v2\/media?parent=8685"}],"curies":[{"name":"wp","href":"https:\/\/api.w.org\/{rel}","templated":true}]}}